{"id":2,"date":"2023-05-21T20:45:26","date_gmt":"2023-05-21T20:45:26","guid":{"rendered":"https:\/\/www.biorezonans-czestochowa.pl\/blog\/?page_id=2"},"modified":"2023-08-30T18:50:27","modified_gmt":"2023-08-30T18:50:27","slug":"ajurweda-biorezonans-czestochowa","status":"publish","type":"page","link":"https:\/\/www.biorezonans-czestochowa.pl\/blog\/?page_id=2","title":{"rendered":"Ajurweda"},"content":{"rendered":"\n<p>Ajurweda to staro\u017cytna wiedza o zdrowiu cia\u0142a i duszy. Ajurweda w spos\u00f3b holistyczny zajmuje si\u0119 naszym cia\u0142em i dusz\u0105.  Biorezonans &#8211; Cz\u0119stochowa to tak\u017ce praktyka medycyny ajurwedyjskiej, kt\u00f3ra zapewnia holistyczne i medytacyjne us\u0142ugi lecznicze dla os\u00f3b poszukuj\u0105cych r\u00f3wnowagi ducha i cia\u0142a. Uznajemy potrzeb\u0119 lekkiego, bezpiecznego leczenia opartego na diecie, \u015brodowisku i interakcjach spo\u0142ecznych, w przeciwie\u0144stwie do ci\u0119\u017ckiej interwencji. Nasz\u0105 misj\u0105 jest podnoszenie \u015bwiadomo\u015bci zdrowotnej naszych klient\u00f3w poprzez naturalne metody leczenia w celu wzmocnienia ich wiedzy, kt\u00f3ra mo\u017ce pom\u00f3c im w osi\u0105gni\u0119ciu zdrowej d\u0142ugowieczno\u015bci. Staramy si\u0119 nie tylko pomaga\u0107 jednostkom w znalezieniu r\u00f3wnowagi fizycznej, ale tak\u017ce emocjonalnej, mentalnej, duchowej i energetycznej. Nasz\u0105 wizj\u0105 jest, aby ludzie na ca\u0142ym \u015bwiecie mieli dost\u0119p do wysokiej jako\u015bci opieki przy u\u017cyciu sprawdzonych zasad ajurwedyjskich wspieranych przez nowoczesn\u0105 technologi\u0119 w bezpiecznym \u015brodowisku, w kt\u00f3rym mog\u0105 w pe\u0142ni wykorzysta\u0107 sw\u00f3j potencja\u0142 dobrego samopoczucia. Zapraszamy r\u00f3wnie\u017c na nasz <a href=\"https:\/\/www.facebook.com\/profile.php?id=100093166432620\">Funpage<\/a> lub je\u015bli chcesz wiedzie\u0107 wi\u0119cej, w <a href=\"https:\/\/www.biorezonans-czestochowa.pl\/blog\/?p=30\">artykule s\u0105 dodatkowe informacje<\/a>. <\/p>\n","protected":false},"excerpt":{"rendered":"<p>Ajurweda to staro\u017cytna wiedza o zdrowiu cia\u0142a i duszy. Ajurweda w spos\u00f3b holistyczny zajmuje si\u0119 naszym cia\u0142em i dusz\u0105. Biorezonans &#8211; Cz\u0119stochowa to tak\u017ce praktyka medycyny ajurwedyjskiej, kt\u00f3ra zapewnia holistyczne i medytacyjne us\u0142ugi lecznicze dla os\u00f3b poszukuj\u0105cych r\u00f3wnowagi ducha i cia\u0142a. Uznajemy potrzeb\u0119 lekkiego, bezpiecznego leczenia opartego na diecie, \u015brodowisku i interakcjach spo\u0142ecznych, w przeciwie\u0144stwie [&hellip;]<\/p>\n","protected":false},"author":1,"featured_media":77,"parent":0,"menu_order":0,"comment_status":"closed","ping_status":"open","template":"","meta":{"footnotes":""},"class_list":["post-2","page","type-page","status-publish","has-post-thumbnail","hentry"],"yoast_head":"<!-- This site is optimized with the Yoast SEO Premium plugin v21.0 (Yoast SEO v27.5) - https:\/\/yoast.com\/product\/yoast-seo-premium-wordpress\/ -->\n<title>Ajurweda, medycyna ajurwedyjska, konsultacje ajurwedyjskie.<\/title>\n<meta name=\"description\" content=\"Ajurweda to staro\u017cytna wiedza o \u017cyciu. U nas mo\u017cesz uzyska\u0107 konsultacje ajurwedyjskie. Dowiedz si\u0119 jak poprawi\u0107 swoje \u017cycie z Ajurwed\u0105.\" \/>\n<meta name=\"robots\" content=\"index, follow, max-snippet:-1, max-image-preview:large, max-video-preview:-1\" \/>\n<link rel=\"canonical\" href=\"https:\/\/www.biorezonans-czestochowa.pl\/blog\/?page_id=2\" \/>\n<meta property=\"og:locale\" content=\"pl_PL\" \/>\n<meta property=\"og:type\" content=\"article\" \/>\n<meta property=\"og:title\" content=\"Ajurweda\" \/>\n<meta property=\"og:description\" content=\"Ajurweda to staro\u017cytna wiedza o \u017cyciu. U nas mo\u017cesz uzyska\u0107 konsultacje ajurwedyjskie. Dowiedz si\u0119 jak poprawi\u0107 swoje \u017cycie z Ajurwed\u0105.\" \/>\n<meta property=\"og:url\" content=\"https:\/\/www.biorezonans-czestochowa.pl\/blog\/?page_id=2\" \/>\n<meta property=\"og:site_name\" content=\"Biorezonans Cz\u0119stochowa\" \/>\n<meta property=\"article:publisher\" content=\"https:\/\/www.facebook.com\/profile.php?id=100093166432620\" \/>\n<meta property=\"article:modified_time\" content=\"2023-08-30T18:50:27+00:00\" \/>\n<meta property=\"og:image\" content=\"https:\/\/www.biorezonans-czestochowa.pl\/blog\/wp-content\/uploads\/2023\/06\/AYURVEDA_logo.png\" \/>\n\t<meta property=\"og:image:width\" content=\"268\" \/>\n\t<meta property=\"og:image:height\" content=\"240\" \/>\n\t<meta property=\"og:image:type\" content=\"image\/png\" \/>\n<meta name=\"twitter:card\" content=\"summary_large_image\" \/>\n<meta name=\"twitter:label1\" content=\"Szacowany czas czytania\" \/>\n\t<meta name=\"twitter:data1\" content=\"1 minuta\" \/>\n<script type=\"application\/ld+json\" class=\"yoast-schema-graph\">{\"@context\":\"https:\\\/\\\/schema.org\",\"@graph\":[{\"@type\":\"WebPage\",\"@id\":\"https:\\\/\\\/www.biorezonans-czestochowa.pl\\\/blog\\\/?page_id=2\",\"url\":\"https:\\\/\\\/www.biorezonans-czestochowa.pl\\\/blog\\\/?page_id=2\",\"name\":\"Ajurweda, medycyna ajurwedyjska, konsultacje ajurwedyjskie.\",\"isPartOf\":{\"@id\":\"https:\\\/\\\/www.biorezonans-czestochowa.pl\\\/blog\\\/#website\"},\"primaryImageOfPage\":{\"@id\":\"https:\\\/\\\/www.biorezonans-czestochowa.pl\\\/blog\\\/?page_id=2#primaryimage\"},\"image\":{\"@id\":\"https:\\\/\\\/www.biorezonans-czestochowa.pl\\\/blog\\\/?page_id=2#primaryimage\"},\"thumbnailUrl\":\"https:\\\/\\\/www.biorezonans-czestochowa.pl\\\/blog\\\/wp-content\\\/uploads\\\/2023\\\/06\\\/AYURVEDA_logo.png\",\"datePublished\":\"2023-05-21T20:45:26+00:00\",\"dateModified\":\"2023-08-30T18:50:27+00:00\",\"description\":\"Ajurweda to staro\u017cytna wiedza o \u017cyciu. U nas mo\u017cesz uzyska\u0107 konsultacje ajurwedyjskie. Dowiedz si\u0119 jak poprawi\u0107 swoje \u017cycie z Ajurwed\u0105.\",\"breadcrumb\":{\"@id\":\"https:\\\/\\\/www.biorezonans-czestochowa.pl\\\/blog\\\/?page_id=2#breadcrumb\"},\"inLanguage\":\"pl-PL\",\"potentialAction\":[{\"@type\":\"ReadAction\",\"target\":[\"https:\\\/\\\/www.biorezonans-czestochowa.pl\\\/blog\\\/?page_id=2\"]}]},{\"@type\":\"ImageObject\",\"inLanguage\":\"pl-PL\",\"@id\":\"https:\\\/\\\/www.biorezonans-czestochowa.pl\\\/blog\\\/?page_id=2#primaryimage\",\"url\":\"https:\\\/\\\/www.biorezonans-czestochowa.pl\\\/blog\\\/wp-content\\\/uploads\\\/2023\\\/06\\\/AYURVEDA_logo.png\",\"contentUrl\":\"https:\\\/\\\/www.biorezonans-czestochowa.pl\\\/blog\\\/wp-content\\\/uploads\\\/2023\\\/06\\\/AYURVEDA_logo.png\",\"width\":268,\"height\":240,\"caption\":\"Konsultacje Ajurwedyjskie\"},{\"@type\":\"BreadcrumbList\",\"@id\":\"https:\\\/\\\/www.biorezonans-czestochowa.pl\\\/blog\\\/?page_id=2#breadcrumb\",\"itemListElement\":[{\"@type\":\"ListItem\",\"position\":1,\"name\":\"Strona g\u0142\u00f3wna\",\"item\":\"https:\\\/\\\/www.biorezonans-czestochowa.pl\\\/blog\"},{\"@type\":\"ListItem\",\"position\":2,\"name\":\"Ajurweda\"}]},{\"@type\":\"WebSite\",\"@id\":\"https:\\\/\\\/www.biorezonans-czestochowa.pl\\\/blog\\\/#website\",\"url\":\"https:\\\/\\\/www.biorezonans-czestochowa.pl\\\/blog\\\/\",\"name\":\"Biorezonans Cz\u0119stochowa\",\"description\":\"Biorezonans\",\"publisher\":{\"@id\":\"https:\\\/\\\/www.biorezonans-czestochowa.pl\\\/blog\\\/#organization\"},\"potentialAction\":[{\"@type\":\"SearchAction\",\"target\":{\"@type\":\"EntryPoint\",\"urlTemplate\":\"https:\\\/\\\/www.biorezonans-czestochowa.pl\\\/blog\\\/?s={search_term_string}\"},\"query-input\":{\"@type\":\"PropertyValueSpecification\",\"valueRequired\":true,\"valueName\":\"search_term_string\"}}],\"inLanguage\":\"pl-PL\"},{\"@type\":[\"Organization\",\"Place\"],\"@id\":\"https:\\\/\\\/www.biorezonans-czestochowa.pl\\\/blog\\\/#organization\",\"name\":\"BIOREZONANS-CZ\u0118STOCHOWA\",\"alternateName\":\"BIOREZONANS, TERAPIE NATURALNE\",\"url\":\"https:\\\/\\\/www.biorezonans-czestochowa.pl\\\/blog\\\/\",\"logo\":{\"@id\":\"https:\\\/\\\/www.biorezonans-czestochowa.pl\\\/blog\\\/?page_id=2#local-main-organization-logo\"},\"image\":{\"@id\":\"https:\\\/\\\/www.biorezonans-czestochowa.pl\\\/blog\\\/?page_id=2#local-main-organization-logo\"},\"sameAs\":[\"https:\\\/\\\/www.facebook.com\\\/profile.php?id=100093166432620\"],\"address\":{\"@id\":\"https:\\\/\\\/www.biorezonans-czestochowa.pl\\\/blog\\\/?page_id=2#local-main-place-address\"},\"geo\":{\"@type\":\"GeoCoordinates\",\"latitude\":\"50.83937893728245\",\"longitude\":\"19.119459445303093\"},\"telephone\":[\"+48 789278001\",\"+48509423010\"],\"openingHoursSpecification\":[{\"@type\":\"OpeningHoursSpecification\",\"dayOfWeek\":[\"Monday\",\"Wednesday\",\"Friday\"],\"opens\":\"12:00\",\"closes\":\"18:00\"},{\"@type\":\"OpeningHoursSpecification\",\"dayOfWeek\":[\"Tuesday\",\"Thursday\"],\"opens\":\"10:00\",\"closes\":\"16:00\"},{\"@type\":\"OpeningHoursSpecification\",\"dayOfWeek\":[\"Saturday\",\"Sunday\"],\"opens\":\"00:00\",\"closes\":\"00:00\"}],\"email\":\"kontakt@biorezonans-czestochowa.pl\",\"areaServed\":\"\u015bl\u0105skie, \u0142\u00f3dzkie\",\"vatID\":\"PL9490337087\",\"taxID\":\"9490337087\"},{\"@type\":\"PostalAddress\",\"@id\":\"https:\\\/\\\/www.biorezonans-czestochowa.pl\\\/blog\\\/?page_id=2#local-main-place-address\",\"streetAddress\":\"ul. Micha\u0142owskiego 11\\\/13\",\"addressLocality\":\"Cz\u0119stochowa\",\"postalCode\":\"42-224\",\"addressRegion\":\"\u015al\u0105skie\",\"addressCountry\":\"PL\"},{\"@type\":\"ImageObject\",\"inLanguage\":\"pl-PL\",\"@id\":\"https:\\\/\\\/www.biorezonans-czestochowa.pl\\\/blog\\\/?page_id=2#local-main-organization-logo\",\"url\":\"https:\\\/\\\/www.biorezonans-czestochowa.pl\\\/blog\\\/wp-content\\\/uploads\\\/2023\\\/06\\\/Lotos_i_listki_niebieski.png\",\"contentUrl\":\"https:\\\/\\\/www.biorezonans-czestochowa.pl\\\/blog\\\/wp-content\\\/uploads\\\/2023\\\/06\\\/Lotos_i_listki_niebieski.png\",\"width\":1000,\"height\":1001,\"caption\":\"BIOREZONANS-CZ\u0118STOCHOWA\"}]}<\/script>\n<meta name=\"geo.placename\" content=\"Cz\u0119stochowa\" \/>\n<meta name=\"geo.position\" content=\"50.83937893728245;19.119459445303093\" \/>\n<meta name=\"geo.region\" content=\"Polska\" \/>\n<!-- \/ Yoast SEO Premium plugin. -->","yoast_head_json":{"title":"Ajurweda, medycyna ajurwedyjska, konsultacje ajurwedyjskie.","description":"Ajurweda to staro\u017cytna wiedza o \u017cyciu. U nas mo\u017cesz uzyska\u0107 konsultacje ajurwedyjskie. Dowiedz si\u0119 jak poprawi\u0107 swoje \u017cycie z Ajurwed\u0105.","robots":{"index":"index","follow":"follow","max-snippet":"max-snippet:-1","max-image-preview":"max-image-preview:large","max-video-preview":"max-video-preview:-1"},"canonical":"https:\/\/www.biorezonans-czestochowa.pl\/blog\/?page_id=2","og_locale":"pl_PL","og_type":"article","og_title":"Ajurweda","og_description":"Ajurweda to staro\u017cytna wiedza o \u017cyciu. U nas mo\u017cesz uzyska\u0107 konsultacje ajurwedyjskie. Dowiedz si\u0119 jak poprawi\u0107 swoje \u017cycie z Ajurwed\u0105.","og_url":"https:\/\/www.biorezonans-czestochowa.pl\/blog\/?page_id=2","og_site_name":"Biorezonans Cz\u0119stochowa","article_publisher":"https:\/\/www.facebook.com\/profile.php?id=100093166432620","article_modified_time":"2023-08-30T18:50:27+00:00","og_image":[{"width":268,"height":240,"url":"https:\/\/www.biorezonans-czestochowa.pl\/blog\/wp-content\/uploads\/2023\/06\/AYURVEDA_logo.png","type":"image\/png"}],"twitter_card":"summary_large_image","twitter_misc":{"Szacowany czas czytania":"1 minuta"},"schema":{"@context":"https:\/\/schema.org","@graph":[{"@type":"WebPage","@id":"https:\/\/www.biorezonans-czestochowa.pl\/blog\/?page_id=2","url":"https:\/\/www.biorezonans-czestochowa.pl\/blog\/?page_id=2","name":"Ajurweda, medycyna ajurwedyjska, konsultacje ajurwedyjskie.","isPartOf":{"@id":"https:\/\/www.biorezonans-czestochowa.pl\/blog\/#website"},"primaryImageOfPage":{"@id":"https:\/\/www.biorezonans-czestochowa.pl\/blog\/?page_id=2#primaryimage"},"image":{"@id":"https:\/\/www.biorezonans-czestochowa.pl\/blog\/?page_id=2#primaryimage"},"thumbnailUrl":"https:\/\/www.biorezonans-czestochowa.pl\/blog\/wp-content\/uploads\/2023\/06\/AYURVEDA_logo.png","datePublished":"2023-05-21T20:45:26+00:00","dateModified":"2023-08-30T18:50:27+00:00","description":"Ajurweda to staro\u017cytna wiedza o \u017cyciu. U nas mo\u017cesz uzyska\u0107 konsultacje ajurwedyjskie. Dowiedz si\u0119 jak poprawi\u0107 swoje \u017cycie z Ajurwed\u0105.","breadcrumb":{"@id":"https:\/\/www.biorezonans-czestochowa.pl\/blog\/?page_id=2#breadcrumb"},"inLanguage":"pl-PL","potentialAction":[{"@type":"ReadAction","target":["https:\/\/www.biorezonans-czestochowa.pl\/blog\/?page_id=2"]}]},{"@type":"ImageObject","inLanguage":"pl-PL","@id":"https:\/\/www.biorezonans-czestochowa.pl\/blog\/?page_id=2#primaryimage","url":"https:\/\/www.biorezonans-czestochowa.pl\/blog\/wp-content\/uploads\/2023\/06\/AYURVEDA_logo.png","contentUrl":"https:\/\/www.biorezonans-czestochowa.pl\/blog\/wp-content\/uploads\/2023\/06\/AYURVEDA_logo.png","width":268,"height":240,"caption":"Konsultacje Ajurwedyjskie"},{"@type":"BreadcrumbList","@id":"https:\/\/www.biorezonans-czestochowa.pl\/blog\/?page_id=2#breadcrumb","itemListElement":[{"@type":"ListItem","position":1,"name":"Strona g\u0142\u00f3wna","item":"https:\/\/www.biorezonans-czestochowa.pl\/blog"},{"@type":"ListItem","position":2,"name":"Ajurweda"}]},{"@type":"WebSite","@id":"https:\/\/www.biorezonans-czestochowa.pl\/blog\/#website","url":"https:\/\/www.biorezonans-czestochowa.pl\/blog\/","name":"Biorezonans Cz\u0119stochowa","description":"Biorezonans","publisher":{"@id":"https:\/\/www.biorezonans-czestochowa.pl\/blog\/#organization"},"potentialAction":[{"@type":"SearchAction","target":{"@type":"EntryPoint","urlTemplate":"https:\/\/www.biorezonans-czestochowa.pl\/blog\/?s={search_term_string}"},"query-input":{"@type":"PropertyValueSpecification","valueRequired":true,"valueName":"search_term_string"}}],"inLanguage":"pl-PL"},{"@type":["Organization","Place"],"@id":"https:\/\/www.biorezonans-czestochowa.pl\/blog\/#organization","name":"BIOREZONANS-CZ\u0118STOCHOWA","alternateName":"BIOREZONANS, TERAPIE NATURALNE","url":"https:\/\/www.biorezonans-czestochowa.pl\/blog\/","logo":{"@id":"https:\/\/www.biorezonans-czestochowa.pl\/blog\/?page_id=2#local-main-organization-logo"},"image":{"@id":"https:\/\/www.biorezonans-czestochowa.pl\/blog\/?page_id=2#local-main-organization-logo"},"sameAs":["https:\/\/www.facebook.com\/profile.php?id=100093166432620"],"address":{"@id":"https:\/\/www.biorezonans-czestochowa.pl\/blog\/?page_id=2#local-main-place-address"},"geo":{"@type":"GeoCoordinates","latitude":"50.83937893728245","longitude":"19.119459445303093"},"telephone":["+48 789278001","+48509423010"],"openingHoursSpecification":[{"@type":"OpeningHoursSpecification","dayOfWeek":["Monday","Wednesday","Friday"],"opens":"12:00","closes":"18:00"},{"@type":"OpeningHoursSpecification","dayOfWeek":["Tuesday","Thursday"],"opens":"10:00","closes":"16:00"},{"@type":"OpeningHoursSpecification","dayOfWeek":["Saturday","Sunday"],"opens":"00:00","closes":"00:00"}],"email":"kontakt@biorezonans-czestochowa.pl","areaServed":"\u015bl\u0105skie, \u0142\u00f3dzkie","vatID":"PL9490337087","taxID":"9490337087"},{"@type":"PostalAddress","@id":"https:\/\/www.biorezonans-czestochowa.pl\/blog\/?page_id=2#local-main-place-address","streetAddress":"ul. Micha\u0142owskiego 11\/13","addressLocality":"Cz\u0119stochowa","postalCode":"42-224","addressRegion":"\u015al\u0105skie","addressCountry":"PL"},{"@type":"ImageObject","inLanguage":"pl-PL","@id":"https:\/\/www.biorezonans-czestochowa.pl\/blog\/?page_id=2#local-main-organization-logo","url":"https:\/\/www.biorezonans-czestochowa.pl\/blog\/wp-content\/uploads\/2023\/06\/Lotos_i_listki_niebieski.png","contentUrl":"https:\/\/www.biorezonans-czestochowa.pl\/blog\/wp-content\/uploads\/2023\/06\/Lotos_i_listki_niebieski.png","width":1000,"height":1001,"caption":"BIOREZONANS-CZ\u0118STOCHOWA"}]},"geo.placename":"Cz\u0119stochowa","geo.position":{"lat":"50.83937893728245","long":"19.119459445303093"},"geo.region":"Polska"},"_links":{"self":[{"href":"https:\/\/www.biorezonans-czestochowa.pl\/blog\/index.php?rest_route=\/wp\/v2\/pages\/2","targetHints":{"allow":["GET"]}}],"collection":[{"href":"https:\/\/www.biorezonans-czestochowa.pl\/blog\/index.php?rest_route=\/wp\/v2\/pages"}],"about":[{"href":"https:\/\/www.biorezonans-czestochowa.pl\/blog\/index.php?rest_route=\/wp\/v2\/types\/page"}],"author":[{"embeddable":true,"href":"https:\/\/www.biorezonans-czestochowa.pl\/blog\/index.php?rest_route=\/wp\/v2\/users\/1"}],"replies":[{"embeddable":true,"href":"https:\/\/www.biorezonans-czestochowa.pl\/blog\/index.php?rest_route=%2Fwp%2Fv2%2Fcomments&post=2"}],"version-history":[{"count":3,"href":"https:\/\/www.biorezonans-czestochowa.pl\/blog\/index.php?rest_route=\/wp\/v2\/pages\/2\/revisions"}],"predecessor-version":[{"id":97,"href":"https:\/\/www.biorezonans-czestochowa.pl\/blog\/index.php?rest_route=\/wp\/v2\/pages\/2\/revisions\/97"}],"wp:featuredmedia":[{"embeddable":true,"href":"https:\/\/www.biorezonans-czestochowa.pl\/blog\/index.php?rest_route=\/wp\/v2\/media\/77"}],"wp:attachment":[{"href":"https:\/\/www.biorezonans-czestochowa.pl\/blog\/index.php?rest_route=%2Fwp%2Fv2%2Fmedia&parent=2"}],"curies":[{"name":"wp","href":"https:\/\/api.w.org\/{rel}","templated":true}]}}