{"id":44,"date":"2023-06-01T11:21:57","date_gmt":"2023-06-01T11:21:57","guid":{"rendered":"https:\/\/www.biorezonans-czestochowa.pl\/blog\/?page_id=44"},"modified":"2023-10-23T14:13:21","modified_gmt":"2023-10-23T14:13:21","slug":"o-nas-biorezonans-czestochowa","status":"publish","type":"page","link":"https:\/\/www.biorezonans-czestochowa.pl\/blog\/?page_id=44","title":{"rendered":"O nas"},"content":{"rendered":"\n<p>Biorezonans to bezpieczny, nieinwazyjny i bezbolesny spos\u00f3b oceny stanu uk\u0142ad\u00f3w i narz\u0105d\u00f3w organizmu. Mo\u017ce by\u0107 wykonywany u doros\u0142ych i dzieci w wieku od dw\u00f3ch lat i dostarcza szczeg\u00f3\u0142owych informacji na temat zdrowia, kt\u00f3re mo\u017cna wykorzysta\u0107 do wprowadzenia pozytywnych zmian. W Biorezonans Cz\u0119stochowa czekamy na Ciebie.<\/p>\n\n\n\n<h2 class=\"wp-block-heading\" id=\"h-dla-kogo-jest-badanie\">Dla kogo jest badanie?<\/h2>\n\n\n\n<p>DLA KOGO JEST BADANIE?<\/p>\n\n\n\n<p><img loading=\"lazy\" decoding=\"async\" height=\"16\" width=\"16\" src=\"https:\/\/ci3.googleusercontent.com\/proxy\/QpqmaJrho0cBqgYeSnydywiDoE4L8C8en0jKXQltz9X7P5uJQBvJP5qKVp1TSRzS7PTus6UThhYsT_MUkPrgixMFNzPRVLdLtvD7MpbaZvJEsipQElA=s0-d-e1-ft#https:\/\/static.xx.fbcdn.net\/images\/emoji.php\/v9\/td8\/1.5\/16\/2714.png\" alt=\"\u2714\">Je\u015bli masz cz\u0119ste przezi\u0119bieni, b\u00f3le g\u0142owy lub problemy z zatokami, chcesz wiedzie\u0107, co mo\u017ce by\u0107 przyczyn\u0105 tych dolegliwo\u015bci.<\/p>\n\n\n\n<p><img loading=\"lazy\" decoding=\"async\" height=\"16\" width=\"16\" src=\"https:\/\/ci3.googleusercontent.com\/proxy\/QpqmaJrho0cBqgYeSnydywiDoE4L8C8en0jKXQltz9X7P5uJQBvJP5qKVp1TSRzS7PTus6UThhYsT_MUkPrgixMFNzPRVLdLtvD7MpbaZvJEsipQElA=s0-d-e1-ft#https:\/\/static.xx.fbcdn.net\/images\/emoji.php\/v9\/td8\/1.5\/16\/2714.png\" alt=\"\u2714\">&nbsp;Je\u015bli masz kaszel i katar z nieznanej przyczyny &#8211; nasza oferta jest dla Ciebie!<\/p>\n\n\n\n<p><img loading=\"lazy\" decoding=\"async\" height=\"16\" width=\"16\" src=\"https:\/\/ci3.googleusercontent.com\/proxy\/QpqmaJrho0cBqgYeSnydywiDoE4L8C8en0jKXQltz9X7P5uJQBvJP5qKVp1TSRzS7PTus6UThhYsT_MUkPrgixMFNzPRVLdLtvD7MpbaZvJEsipQElA=s0-d-e1-ft#https:\/\/static.xx.fbcdn.net\/images\/emoji.php\/v9\/td8\/1.5\/16\/2714.png\" alt=\"\u2714\">&nbsp;Dla rodzic\u00f3w: kt\u00f3rzy zadaj\u0105 sobie pytanie, &#8222;dlaczego moje dziecko ma ci\u0105g\u0142e katar lub alergie? &#8211; pomo\u017cemy zrozumie\u0107!<\/p>\n\n\n\n<p><img loading=\"lazy\" decoding=\"async\" height=\"16\" width=\"16\" src=\"https:\/\/ci3.googleusercontent.com\/proxy\/QpqmaJrho0cBqgYeSnydywiDoE4L8C8en0jKXQltz9X7P5uJQBvJP5qKVp1TSRzS7PTus6UThhYsT_MUkPrgixMFNzPRVLdLtvD7MpbaZvJEsipQElA=s0-d-e1-ft#https:\/\/static.xx.fbcdn.net\/images\/emoji.php\/v9\/td8\/1.5\/16\/2714.png\" alt=\"\u2714\">&nbsp;Nieinwazyjna terapia pozwalaj\u0105ca na walk\u0119 z grzybicami ,pierwotniakami i paso\u017cytami<\/p>\n\n\n\n<p><img loading=\"lazy\" decoding=\"async\" height=\"16\" width=\"16\" src=\"https:\/\/ci3.googleusercontent.com\/proxy\/QpqmaJrho0cBqgYeSnydywiDoE4L8C8en0jKXQltz9X7P5uJQBvJP5qKVp1TSRzS7PTus6UThhYsT_MUkPrgixMFNzPRVLdLtvD7MpbaZvJEsipQElA=s0-d-e1-ft#https:\/\/static.xx.fbcdn.net\/images\/emoji.php\/v9\/td8\/1.5\/16\/2714.png\" alt=\"\u2714\">&nbsp;Dla ka\u017cdego, kto rozumie i stosuje profilaktyk\u0119 zdrowia u nas dowie si\u0119 jaki jest stan ich zdrowia w danym momencie<\/p>\n\n\n\n<p><img loading=\"lazy\" decoding=\"async\" height=\"16\" width=\"16\" src=\"https:\/\/ci3.googleusercontent.com\/proxy\/QpqmaJrho0cBqgYeSnydywiDoE4L8C8en0jKXQltz9X7P5uJQBvJP5qKVp1TSRzS7PTus6UThhYsT_MUkPrgixMFNzPRVLdLtvD7MpbaZvJEsipQElA=s0-d-e1-ft#https:\/\/static.xx.fbcdn.net\/images\/emoji.php\/v9\/td8\/1.5\/16\/2714.png\" alt=\"\u2714\">&nbsp;Dla os\u00f3b, kt\u00f3re chc\u0105 zaj\u0105\u0107 si\u0119 holistycznie swoim zdrowiem.<\/p>\n\n\n\n<p><img loading=\"lazy\" decoding=\"async\" height=\"16\" width=\"16\" src=\"https:\/\/ci3.googleusercontent.com\/proxy\/QpqmaJrho0cBqgYeSnydywiDoE4L8C8en0jKXQltz9X7P5uJQBvJP5qKVp1TSRzS7PTus6UThhYsT_MUkPrgixMFNzPRVLdLtvD7MpbaZvJEsipQElA=s0-d-e1-ft#https:\/\/static.xx.fbcdn.net\/images\/emoji.php\/v9\/td8\/1.5\/16\/2714.png\" alt=\"\u2714\">&nbsp;Dla os\u00f3b, kt\u00f3re maj\u0105 problemy z alergiami.<\/p>\n\n\n\n<p><img loading=\"lazy\" decoding=\"async\" height=\"16\" width=\"16\" src=\"https:\/\/ci3.googleusercontent.com\/proxy\/QpqmaJrho0cBqgYeSnydywiDoE4L8C8en0jKXQltz9X7P5uJQBvJP5qKVp1TSRzS7PTus6UThhYsT_MUkPrgixMFNzPRVLdLtvD7MpbaZvJEsipQElA=s0-d-e1-ft#https:\/\/static.xx.fbcdn.net\/images\/emoji.php\/v9\/td8\/1.5\/16\/2714.png\" alt=\"\u2714\">&nbsp;Dla os\u00f3b, kt\u00f3re wierz\u0105 w nieograniczon\u0105 moc naszych organizm\u00f3w i chc\u0105 im pom\u00f3c, przez zadbanie o potrzeby swoich organizm\u00f3w.<\/p>\n\n\n\n<p><img loading=\"lazy\" decoding=\"async\" height=\"16\" width=\"16\" src=\"https:\/\/ci3.googleusercontent.com\/proxy\/QpqmaJrho0cBqgYeSnydywiDoE4L8C8en0jKXQltz9X7P5uJQBvJP5qKVp1TSRzS7PTus6UThhYsT_MUkPrgixMFNzPRVLdLtvD7MpbaZvJEsipQElA=s0-d-e1-ft#https:\/\/static.xx.fbcdn.net\/images\/emoji.php\/v9\/td8\/1.5\/16\/2714.png\" alt=\"\u2714\">&nbsp;Dla os\u00f3b, kt\u00f3re chc\u0105 si\u0119 dowiedzie\u0107, czy przyjmowane przez nich suplementy s\u0105 w odpowiedni spos\u00f3b przyswajane przez organizm, czy maj\u0105 odpowiedni poziom witamin i mikroelement\u00f3w niezb\u0119dnych do prawid\u0142owego funkcjonowania organizmu.<\/p>\n\n\n\n<h3 class=\"wp-block-heading\" id=\"h-zapraszamy\">Zapraszamy<\/h3>\n\n\n\n<p>ul. Micha\u0142owskiego 11\/13 Cz\u0119stochowa<\/p>\n\n\n\n<p>tel. 789278001<\/p>\n\n\n\n<p>Godziny pracy:<\/p>\n\n\n\n<p>Poniedzia\u0142ek &#8211; Pi\u0105tek od 11:00 do 17:00<\/p>\n\n\n\n<p>Je\u015bli potrzebujesz naszej pomocy mo\u017cemy um\u00f3wi\u0107 si\u0119 na termin dogodny dla Ciebie.<\/p>\n\n\n\n<p><\/p>\n","protected":false},"excerpt":{"rendered":"<p>Biorezonans to bezpieczny, nieinwazyjny i bezbolesny spos\u00f3b oceny stanu uk\u0142ad\u00f3w i narz\u0105d\u00f3w organizmu. Mo\u017ce by\u0107 wykonywany u doros\u0142ych i dzieci w wieku od dw\u00f3ch lat i dostarcza szczeg\u00f3\u0142owych informacji na temat zdrowia, kt\u00f3re mo\u017cna wykorzysta\u0107 do wprowadzenia pozytywnych zmian. W Biorezonans Cz\u0119stochowa czekamy na Ciebie. Dla kogo jest badanie? DLA KOGO JEST BADANIE? Je\u015bli masz [&hellip;]<\/p>\n","protected":false},"author":1,"featured_media":85,"parent":0,"menu_order":0,"comment_status":"closed","ping_status":"closed","template":"","meta":{"footnotes":""},"class_list":["post-44","page","type-page","status-publish","has-post-thumbnail","hentry"],"yoast_head":"<!-- This site is optimized with the Yoast SEO Premium plugin v21.0 (Yoast SEO v27.5) - https:\/\/yoast.com\/product\/yoast-seo-premium-wordpress\/ -->\n<title>O nas - Biorezonans Cz\u0119stochowa<\/title>\n<meta name=\"description\" content=\"W Bioresonance-Cz\u0119stochowa wykorzystujemy najnowocze\u015bniejsze metody analizy kwantowego rezonansu magnetycznego do okre\u015blenia pocz\u0105tkowego stanu zdrowia i zapewnienia wczesnego wykrywania potencjalnych problem\u00f3w i zagro\u017ce\u0144 dla narz\u0105d\u00f3w. Nasze testy biorezonansowe oferuj\u0105 kompleksowy obraz Twojego stanu zdrowia\" \/>\n<meta name=\"robots\" content=\"index, follow, max-snippet:-1, max-image-preview:large, max-video-preview:-1\" \/>\n<link rel=\"canonical\" href=\"https:\/\/www.biorezonans-czestochowa.pl\/blog\/?page_id=44\" \/>\n<meta property=\"og:locale\" content=\"pl_PL\" \/>\n<meta property=\"og:type\" content=\"article\" \/>\n<meta property=\"og:title\" content=\"O nas\" \/>\n<meta property=\"og:description\" content=\"W Bioresonance-Cz\u0119stochowa wykorzystujemy najnowocze\u015bniejsze metody analizy kwantowego rezonansu magnetycznego do okre\u015blenia pocz\u0105tkowego stanu zdrowia i zapewnienia wczesnego wykrywania potencjalnych problem\u00f3w i zagro\u017ce\u0144 dla narz\u0105d\u00f3w. Nasze testy biorezonansowe oferuj\u0105 kompleksowy obraz Twojego stanu zdrowia\" \/>\n<meta property=\"og:url\" content=\"https:\/\/www.biorezonans-czestochowa.pl\/blog\/?page_id=44\" \/>\n<meta property=\"og:site_name\" content=\"Biorezonans Cz\u0119stochowa\" \/>\n<meta property=\"article:publisher\" content=\"https:\/\/www.facebook.com\/profile.php?id=100093166432620\" \/>\n<meta property=\"article:modified_time\" content=\"2023-10-23T14:13:21+00:00\" \/>\n<meta property=\"og:image\" content=\"https:\/\/www.biorezonans-czestochowa.pl\/blog\/wp-content\/uploads\/2023\/06\/Lotos_i_listki_niebieski.png\" \/>\n\t<meta property=\"og:image:width\" content=\"1000\" \/>\n\t<meta property=\"og:image:height\" content=\"1001\" \/>\n\t<meta property=\"og:image:type\" content=\"image\/png\" \/>\n<meta name=\"twitter:card\" content=\"summary_large_image\" \/>\n<meta name=\"twitter:label1\" content=\"Szacowany czas czytania\" \/>\n\t<meta name=\"twitter:data1\" content=\"4 minuty\" \/>\n<script type=\"application\/ld+json\" class=\"yoast-schema-graph\">{\"@context\":\"https:\\\/\\\/schema.org\",\"@graph\":[{\"@type\":\"WebPage\",\"@id\":\"https:\\\/\\\/www.biorezonans-czestochowa.pl\\\/blog\\\/?page_id=44\",\"url\":\"https:\\\/\\\/www.biorezonans-czestochowa.pl\\\/blog\\\/?page_id=44\",\"name\":\"O nas - Biorezonans Cz\u0119stochowa\",\"isPartOf\":{\"@id\":\"https:\\\/\\\/www.biorezonans-czestochowa.pl\\\/blog\\\/#website\"},\"primaryImageOfPage\":{\"@id\":\"https:\\\/\\\/www.biorezonans-czestochowa.pl\\\/blog\\\/?page_id=44#primaryimage\"},\"image\":{\"@id\":\"https:\\\/\\\/www.biorezonans-czestochowa.pl\\\/blog\\\/?page_id=44#primaryimage\"},\"thumbnailUrl\":\"https:\\\/\\\/www.biorezonans-czestochowa.pl\\\/blog\\\/wp-content\\\/uploads\\\/2023\\\/06\\\/Lotos_i_listki_niebieski.png\",\"datePublished\":\"2023-06-01T11:21:57+00:00\",\"dateModified\":\"2023-10-23T14:13:21+00:00\",\"description\":\"W Bioresonance-Cz\u0119stochowa wykorzystujemy najnowocze\u015bniejsze metody analizy kwantowego rezonansu magnetycznego do okre\u015blenia pocz\u0105tkowego stanu zdrowia i zapewnienia wczesnego wykrywania potencjalnych problem\u00f3w i zagro\u017ce\u0144 dla narz\u0105d\u00f3w. Nasze testy biorezonansowe oferuj\u0105 kompleksowy obraz Twojego stanu zdrowia\",\"breadcrumb\":{\"@id\":\"https:\\\/\\\/www.biorezonans-czestochowa.pl\\\/blog\\\/?page_id=44#breadcrumb\"},\"inLanguage\":\"pl-PL\",\"potentialAction\":[{\"@type\":\"ReadAction\",\"target\":[\"https:\\\/\\\/www.biorezonans-czestochowa.pl\\\/blog\\\/?page_id=44\"]}]},{\"@type\":\"ImageObject\",\"inLanguage\":\"pl-PL\",\"@id\":\"https:\\\/\\\/www.biorezonans-czestochowa.pl\\\/blog\\\/?page_id=44#primaryimage\",\"url\":\"https:\\\/\\\/www.biorezonans-czestochowa.pl\\\/blog\\\/wp-content\\\/uploads\\\/2023\\\/06\\\/Lotos_i_listki_niebieski.png\",\"contentUrl\":\"https:\\\/\\\/www.biorezonans-czestochowa.pl\\\/blog\\\/wp-content\\\/uploads\\\/2023\\\/06\\\/Lotos_i_listki_niebieski.png\",\"width\":1000,\"height\":1001,\"caption\":\"Biorezonans - Cz\u0119stochowa\"},{\"@type\":\"BreadcrumbList\",\"@id\":\"https:\\\/\\\/www.biorezonans-czestochowa.pl\\\/blog\\\/?page_id=44#breadcrumb\",\"itemListElement\":[{\"@type\":\"ListItem\",\"position\":1,\"name\":\"Strona g\u0142\u00f3wna\",\"item\":\"https:\\\/\\\/www.biorezonans-czestochowa.pl\\\/blog\"},{\"@type\":\"ListItem\",\"position\":2,\"name\":\"O nas\"}]},{\"@type\":\"WebSite\",\"@id\":\"https:\\\/\\\/www.biorezonans-czestochowa.pl\\\/blog\\\/#website\",\"url\":\"https:\\\/\\\/www.biorezonans-czestochowa.pl\\\/blog\\\/\",\"name\":\"Biorezonans Cz\u0119stochowa\",\"description\":\"Biorezonans\",\"publisher\":{\"@id\":\"https:\\\/\\\/www.biorezonans-czestochowa.pl\\\/blog\\\/#organization\"},\"potentialAction\":[{\"@type\":\"SearchAction\",\"target\":{\"@type\":\"EntryPoint\",\"urlTemplate\":\"https:\\\/\\\/www.biorezonans-czestochowa.pl\\\/blog\\\/?s={search_term_string}\"},\"query-input\":{\"@type\":\"PropertyValueSpecification\",\"valueRequired\":true,\"valueName\":\"search_term_string\"}}],\"inLanguage\":\"pl-PL\"},{\"@type\":[\"Organization\",\"Place\"],\"@id\":\"https:\\\/\\\/www.biorezonans-czestochowa.pl\\\/blog\\\/#organization\",\"name\":\"BIOREZONANS-CZ\u0118STOCHOWA\",\"alternateName\":\"BIOREZONANS, TERAPIE NATURALNE\",\"url\":\"https:\\\/\\\/www.biorezonans-czestochowa.pl\\\/blog\\\/\",\"logo\":{\"@id\":\"https:\\\/\\\/www.biorezonans-czestochowa.pl\\\/blog\\\/?page_id=44#local-main-organization-logo\"},\"image\":{\"@id\":\"https:\\\/\\\/www.biorezonans-czestochowa.pl\\\/blog\\\/?page_id=44#local-main-organization-logo\"},\"sameAs\":[\"https:\\\/\\\/www.facebook.com\\\/profile.php?id=100093166432620\"],\"address\":{\"@id\":\"https:\\\/\\\/www.biorezonans-czestochowa.pl\\\/blog\\\/?page_id=44#local-main-place-address\"},\"geo\":{\"@type\":\"GeoCoordinates\",\"latitude\":\"50.83937893728245\",\"longitude\":\"19.119459445303093\"},\"telephone\":[\"+48 789278001\",\"+48509423010\"],\"openingHoursSpecification\":[{\"@type\":\"OpeningHoursSpecification\",\"dayOfWeek\":[\"Monday\",\"Wednesday\",\"Friday\"],\"opens\":\"12:00\",\"closes\":\"18:00\"},{\"@type\":\"OpeningHoursSpecification\",\"dayOfWeek\":[\"Tuesday\",\"Thursday\"],\"opens\":\"10:00\",\"closes\":\"16:00\"},{\"@type\":\"OpeningHoursSpecification\",\"dayOfWeek\":[\"Saturday\",\"Sunday\"],\"opens\":\"00:00\",\"closes\":\"00:00\"}],\"email\":\"kontakt@biorezonans-czestochowa.pl\",\"areaServed\":\"\u015bl\u0105skie, \u0142\u00f3dzkie\",\"vatID\":\"PL9490337087\",\"taxID\":\"9490337087\"},{\"@type\":\"PostalAddress\",\"@id\":\"https:\\\/\\\/www.biorezonans-czestochowa.pl\\\/blog\\\/?page_id=44#local-main-place-address\",\"streetAddress\":\"ul. Micha\u0142owskiego 11\\\/13\",\"addressLocality\":\"Cz\u0119stochowa\",\"postalCode\":\"42-224\",\"addressRegion\":\"\u015al\u0105skie\",\"addressCountry\":\"PL\"},{\"@type\":\"ImageObject\",\"inLanguage\":\"pl-PL\",\"@id\":\"https:\\\/\\\/www.biorezonans-czestochowa.pl\\\/blog\\\/?page_id=44#local-main-organization-logo\",\"url\":\"https:\\\/\\\/www.biorezonans-czestochowa.pl\\\/blog\\\/wp-content\\\/uploads\\\/2023\\\/06\\\/Lotos_i_listki_niebieski.png\",\"contentUrl\":\"https:\\\/\\\/www.biorezonans-czestochowa.pl\\\/blog\\\/wp-content\\\/uploads\\\/2023\\\/06\\\/Lotos_i_listki_niebieski.png\",\"width\":1000,\"height\":1001,\"caption\":\"BIOREZONANS-CZ\u0118STOCHOWA\"}]}<\/script>\n<meta name=\"geo.placename\" content=\"Cz\u0119stochowa\" \/>\n<meta name=\"geo.position\" content=\"50.83937893728245;19.119459445303093\" \/>\n<meta name=\"geo.region\" content=\"Polska\" \/>\n<!-- \/ Yoast SEO Premium plugin. -->","yoast_head_json":{"title":"O nas - Biorezonans Cz\u0119stochowa","description":"W Bioresonance-Cz\u0119stochowa wykorzystujemy najnowocze\u015bniejsze metody analizy kwantowego rezonansu magnetycznego do okre\u015blenia pocz\u0105tkowego stanu zdrowia i zapewnienia wczesnego wykrywania potencjalnych problem\u00f3w i zagro\u017ce\u0144 dla narz\u0105d\u00f3w. Nasze testy biorezonansowe oferuj\u0105 kompleksowy obraz Twojego stanu zdrowia","robots":{"index":"index","follow":"follow","max-snippet":"max-snippet:-1","max-image-preview":"max-image-preview:large","max-video-preview":"max-video-preview:-1"},"canonical":"https:\/\/www.biorezonans-czestochowa.pl\/blog\/?page_id=44","og_locale":"pl_PL","og_type":"article","og_title":"O nas","og_description":"W Bioresonance-Cz\u0119stochowa wykorzystujemy najnowocze\u015bniejsze metody analizy kwantowego rezonansu magnetycznego do okre\u015blenia pocz\u0105tkowego stanu zdrowia i zapewnienia wczesnego wykrywania potencjalnych problem\u00f3w i zagro\u017ce\u0144 dla narz\u0105d\u00f3w. Nasze testy biorezonansowe oferuj\u0105 kompleksowy obraz Twojego stanu zdrowia","og_url":"https:\/\/www.biorezonans-czestochowa.pl\/blog\/?page_id=44","og_site_name":"Biorezonans Cz\u0119stochowa","article_publisher":"https:\/\/www.facebook.com\/profile.php?id=100093166432620","article_modified_time":"2023-10-23T14:13:21+00:00","og_image":[{"width":1000,"height":1001,"url":"https:\/\/www.biorezonans-czestochowa.pl\/blog\/wp-content\/uploads\/2023\/06\/Lotos_i_listki_niebieski.png","type":"image\/png"}],"twitter_card":"summary_large_image","twitter_misc":{"Szacowany czas czytania":"4 minuty"},"schema":{"@context":"https:\/\/schema.org","@graph":[{"@type":"WebPage","@id":"https:\/\/www.biorezonans-czestochowa.pl\/blog\/?page_id=44","url":"https:\/\/www.biorezonans-czestochowa.pl\/blog\/?page_id=44","name":"O nas - Biorezonans Cz\u0119stochowa","isPartOf":{"@id":"https:\/\/www.biorezonans-czestochowa.pl\/blog\/#website"},"primaryImageOfPage":{"@id":"https:\/\/www.biorezonans-czestochowa.pl\/blog\/?page_id=44#primaryimage"},"image":{"@id":"https:\/\/www.biorezonans-czestochowa.pl\/blog\/?page_id=44#primaryimage"},"thumbnailUrl":"https:\/\/www.biorezonans-czestochowa.pl\/blog\/wp-content\/uploads\/2023\/06\/Lotos_i_listki_niebieski.png","datePublished":"2023-06-01T11:21:57+00:00","dateModified":"2023-10-23T14:13:21+00:00","description":"W Bioresonance-Cz\u0119stochowa wykorzystujemy najnowocze\u015bniejsze metody analizy kwantowego rezonansu magnetycznego do okre\u015blenia pocz\u0105tkowego stanu zdrowia i zapewnienia wczesnego wykrywania potencjalnych problem\u00f3w i zagro\u017ce\u0144 dla narz\u0105d\u00f3w. Nasze testy biorezonansowe oferuj\u0105 kompleksowy obraz Twojego stanu zdrowia","breadcrumb":{"@id":"https:\/\/www.biorezonans-czestochowa.pl\/blog\/?page_id=44#breadcrumb"},"inLanguage":"pl-PL","potentialAction":[{"@type":"ReadAction","target":["https:\/\/www.biorezonans-czestochowa.pl\/blog\/?page_id=44"]}]},{"@type":"ImageObject","inLanguage":"pl-PL","@id":"https:\/\/www.biorezonans-czestochowa.pl\/blog\/?page_id=44#primaryimage","url":"https:\/\/www.biorezonans-czestochowa.pl\/blog\/wp-content\/uploads\/2023\/06\/Lotos_i_listki_niebieski.png","contentUrl":"https:\/\/www.biorezonans-czestochowa.pl\/blog\/wp-content\/uploads\/2023\/06\/Lotos_i_listki_niebieski.png","width":1000,"height":1001,"caption":"Biorezonans - Cz\u0119stochowa"},{"@type":"BreadcrumbList","@id":"https:\/\/www.biorezonans-czestochowa.pl\/blog\/?page_id=44#breadcrumb","itemListElement":[{"@type":"ListItem","position":1,"name":"Strona g\u0142\u00f3wna","item":"https:\/\/www.biorezonans-czestochowa.pl\/blog"},{"@type":"ListItem","position":2,"name":"O nas"}]},{"@type":"WebSite","@id":"https:\/\/www.biorezonans-czestochowa.pl\/blog\/#website","url":"https:\/\/www.biorezonans-czestochowa.pl\/blog\/","name":"Biorezonans Cz\u0119stochowa","description":"Biorezonans","publisher":{"@id":"https:\/\/www.biorezonans-czestochowa.pl\/blog\/#organization"},"potentialAction":[{"@type":"SearchAction","target":{"@type":"EntryPoint","urlTemplate":"https:\/\/www.biorezonans-czestochowa.pl\/blog\/?s={search_term_string}"},"query-input":{"@type":"PropertyValueSpecification","valueRequired":true,"valueName":"search_term_string"}}],"inLanguage":"pl-PL"},{"@type":["Organization","Place"],"@id":"https:\/\/www.biorezonans-czestochowa.pl\/blog\/#organization","name":"BIOREZONANS-CZ\u0118STOCHOWA","alternateName":"BIOREZONANS, TERAPIE NATURALNE","url":"https:\/\/www.biorezonans-czestochowa.pl\/blog\/","logo":{"@id":"https:\/\/www.biorezonans-czestochowa.pl\/blog\/?page_id=44#local-main-organization-logo"},"image":{"@id":"https:\/\/www.biorezonans-czestochowa.pl\/blog\/?page_id=44#local-main-organization-logo"},"sameAs":["https:\/\/www.facebook.com\/profile.php?id=100093166432620"],"address":{"@id":"https:\/\/www.biorezonans-czestochowa.pl\/blog\/?page_id=44#local-main-place-address"},"geo":{"@type":"GeoCoordinates","latitude":"50.83937893728245","longitude":"19.119459445303093"},"telephone":["+48 789278001","+48509423010"],"openingHoursSpecification":[{"@type":"OpeningHoursSpecification","dayOfWeek":["Monday","Wednesday","Friday"],"opens":"12:00","closes":"18:00"},{"@type":"OpeningHoursSpecification","dayOfWeek":["Tuesday","Thursday"],"opens":"10:00","closes":"16:00"},{"@type":"OpeningHoursSpecification","dayOfWeek":["Saturday","Sunday"],"opens":"00:00","closes":"00:00"}],"email":"kontakt@biorezonans-czestochowa.pl","areaServed":"\u015bl\u0105skie, \u0142\u00f3dzkie","vatID":"PL9490337087","taxID":"9490337087"},{"@type":"PostalAddress","@id":"https:\/\/www.biorezonans-czestochowa.pl\/blog\/?page_id=44#local-main-place-address","streetAddress":"ul. Micha\u0142owskiego 11\/13","addressLocality":"Cz\u0119stochowa","postalCode":"42-224","addressRegion":"\u015al\u0105skie","addressCountry":"PL"},{"@type":"ImageObject","inLanguage":"pl-PL","@id":"https:\/\/www.biorezonans-czestochowa.pl\/blog\/?page_id=44#local-main-organization-logo","url":"https:\/\/www.biorezonans-czestochowa.pl\/blog\/wp-content\/uploads\/2023\/06\/Lotos_i_listki_niebieski.png","contentUrl":"https:\/\/www.biorezonans-czestochowa.pl\/blog\/wp-content\/uploads\/2023\/06\/Lotos_i_listki_niebieski.png","width":1000,"height":1001,"caption":"BIOREZONANS-CZ\u0118STOCHOWA"}]},"geo.placename":"Cz\u0119stochowa","geo.position":{"lat":"50.83937893728245","long":"19.119459445303093"},"geo.region":"Polska"},"_links":{"self":[{"href":"https:\/\/www.biorezonans-czestochowa.pl\/blog\/index.php?rest_route=\/wp\/v2\/pages\/44","targetHints":{"allow":["GET"]}}],"collection":[{"href":"https:\/\/www.biorezonans-czestochowa.pl\/blog\/index.php?rest_route=\/wp\/v2\/pages"}],"about":[{"href":"https:\/\/www.biorezonans-czestochowa.pl\/blog\/index.php?rest_route=\/wp\/v2\/types\/page"}],"author":[{"embeddable":true,"href":"https:\/\/www.biorezonans-czestochowa.pl\/blog\/index.php?rest_route=\/wp\/v2\/users\/1"}],"replies":[{"embeddable":true,"href":"https:\/\/www.biorezonans-czestochowa.pl\/blog\/index.php?rest_route=%2Fwp%2Fv2%2Fcomments&post=44"}],"version-history":[{"count":4,"href":"https:\/\/www.biorezonans-czestochowa.pl\/blog\/index.php?rest_route=\/wp\/v2\/pages\/44\/revisions"}],"predecessor-version":[{"id":108,"href":"https:\/\/www.biorezonans-czestochowa.pl\/blog\/index.php?rest_route=\/wp\/v2\/pages\/44\/revisions\/108"}],"wp:featuredmedia":[{"embeddable":true,"href":"https:\/\/www.biorezonans-czestochowa.pl\/blog\/index.php?rest_route=\/wp\/v2\/media\/85"}],"wp:attachment":[{"href":"https:\/\/www.biorezonans-czestochowa.pl\/blog\/index.php?rest_route=%2Fwp%2Fv2%2Fmedia&parent=44"}],"curies":[{"name":"wp","href":"https:\/\/api.w.org\/{rel}","templated":true}]}}